{"id":5354,"date":"2016-04-07T18:04:16","date_gmt":"2016-04-07T16:04:16","guid":{"rendered":"https:\/\/www.fileni.it\/?page_id=5354"},"modified":"2025-05-09T16:02:41","modified_gmt":"2025-05-09T14:02:41","slug":"privacy-policy","status":"publish","type":"page","link":"https:\/\/www.fileni.it\/de\/privacy-policy\/","title":{"rendered":"Privacy Policy"},"content":{"rendered":"<div data-elementor-type=\"wp-page\" data-elementor-id=\"5354\" class=\"elementor elementor-5354\" data-elementor-post-type=\"page\">\n\t\t\t\t\t\t<section class=\"elementor-section elementor-top-section elementor-element elementor-element-c2669dd elementor-section-boxed elementor-section-height-default elementor-section-height-default\" data-id=\"c2669dd\" data-element_type=\"section\" data-settings=\"{&quot;jet_parallax_layout_list&quot;:[],&quot;background_background&quot;:&quot;classic&quot;}\">\n\t\t\t\t\t\t<div class=\"elementor-container elementor-column-gap-default\">\n\t\t\t\t\t<div class=\"elementor-column elementor-col-100 elementor-top-column elementor-element elementor-element-2aeea63\" data-id=\"2aeea63\" data-element_type=\"column\">\n\t\t\t<div class=\"elementor-widget-wrap elementor-element-populated\">\n\t\t\t\t\t\t<div class=\"elementor-element elementor-element-42cc138 elementor-widget elementor-widget-heading\" data-id=\"42cc138\" data-element_type=\"widget\" data-widget_type=\"heading.default\">\n\t\t\t\t\t<h2 class=\"elementor-heading-title elementor-size-default\">PRIVACY POLICY<\/h2>\t\t\t\t<\/div>\n\t\t\t\t<div data-dce-text-color=\"#FFFFFF\" class=\"elementor-element elementor-element-02e4e46 elementor-widget elementor-widget-text-editor\" data-id=\"02e4e46\" data-element_type=\"widget\" data-widget_type=\"text-editor.default\">\n\t\t\t\t\t\t\t\t\t<p>In questa pagina si descrivono le modalit\u00e0 di trattamento dei dati personali degli utenti che consultano il sito web della FILENI ALIMENTARE S.P.A.<\/p><p>L\u2019informativa \u00e8 resa ai sensi degli artt. 13 e 14 del Reg. Ue \u2013 Regolamento Europeo in materia di protezione dei dati personali a coloro che interagiscono con i servizi <em>web<\/em> della societ\u00e0 FILENI ALIMENTARE S.P.A. \u00a0accessibili per via telematica tramite l\u2019indirizzo <strong>www.<\/strong><strong>fileni<\/strong><strong>.it<\/strong> e corrispondente alla pagina iniziale, home page, del sito ufficiale dello stesso.<\/p><p>Le presenti informazioni sono rese esclusivamente per questo sito web e non anche per altri siti <em>web<\/em>, pagine o servizi on line eventualmente consultabili dall\u2019utente tramite <em>link<\/em>.<\/p><p><strong>IL &#8220;TITOLARE&#8221; DEL TRATTAMENTO<\/strong><\/p><p>FILENI ALIMENTARE S.p.A. con sede legale in via Martiri della Libert\u00e0 27 &#8211; 60035 &#8211; Jesi (AN) e contattabile al numero 0733 606211 o all\u2019indirizzo e-mail <a href=\"mailto:u.personale@fileni.it\">u.personale@fileni.it<\/a>. Fileni Alimentare S.p.A. ha nominato un Responsabile della Protezione Dati (RPD), contattabile all\u2019indirizzo mail dpo@fileni.it.<\/p><p><strong>TIPOLOGIA DI DATI TRATTATI<\/strong><\/p><p><em><u>Dati di navigazione<\/u><\/em><\/p><p>I sistemi informatici e le procedure software preposte al funzionamento di questo sito web acquisiscono, nel corso del loro normale esercizio, alcuni dati personali la cui trasmissione \u00e8 implicita nell\u2019uso dei protocolli di comunicazione di Internet.<\/p><p>Si tratta di informazioni che non sono raccolte per essere associate a interessati identificati, ma che per loro stessa natura potrebbero, attraverso elaborazioni ed associazioni con dati detenuti da terzi, permettere di identificare gli utenti.<\/p><p>In questa categoria di dati rientrano gli indirizzi IP o i nomi a dominio dei computer utilizzati dagli utenti che si connettono al sito, gli indirizzi in notazione URI\/URL (Uniform Resource Identifier\/Locator) delle risorse richieste, l\u2019orario della richiesta, il metodo utilizzato nel sottoporre la richiesta al server, la dimensione del file ottenuto in risposta, il codice numerico indicante lo stato della risposta data dal server (buon fine, errore, ecc.) ed altri parametri relativi al sistema operativo e all\u2019ambiente informatico dell\u2019utente.<\/p><p>Questi dati vengono utilizzati al solo fine di ricavare informazioni statistiche anonime sull\u2019uso del sito e per controllarne il corretto funzionamento. I dati potrebbero essere utilizzati per l\u2019accertamento di responsabilit\u00e0 in caso di ipotetici reati informatici ai danni del sito: salva questa eventualit\u00e0.<\/p><p><em><u>Dati forniti volontariamente dall\u2019utente<\/u><\/em><\/p><p>Dati volontariamente inseriti nei vari form contenuti all\u2019interno del sito, come, ad esempio il form di richiesta di informazioni nella sezione \u201cContattaci\u201d e i Form di registrazione, attraverso cui ti verr\u00e0 richiesto di inserire il nome, il cognome e i dati di contatto -indirizzo e-mail e numero di telefono &#8211; nonch\u00e9 di formulare la tua specifica richiesta, la quale potr\u00e0 eventualmente contenere ulteriori tuoi dati personali.<\/p><p><u>Dati raccolti tramite tracciamento (<em>cookie<\/em>). <\/u><\/p><p>Il tracciamento avviene tramite codice eseguito all\u2019interno dei siti web sia a livello server (es. servizi, procedure) che a livello client (es. tag, pixel), anche con il supporto di codice installato sul tuo browser (<em>es. cookie<\/em>). Per quanto riguarda la finalit\u00e0 e la gestione dei consensi relativi ai tracciamenti si rimanda alla specifica sezione &#8220;<em>Informativa cookie<\/em>&#8221; del \u00a0nostro sito web.<\/p><p><u>Dati di condivisione dei contenuti tramite Social Network.<\/u><\/p><p>Il sito web indicato in premessa potrebbe includere plugin e\/o bottoni al fine di consentire la condivisione dei contenuti sui Social Network da te utilizzati.<\/p><p><strong>FINALITA\u2019 E CONNESSE BASI GIURIDICHE DEL TRATTAMENTO DI DATI PERSONALI<\/strong><\/p><p>I dati personali dell\u2019utente, adeguati, pertinenti e limitati a quanto necessario, saranno trattati da parte della FILENI ALIMENTARE S.P.A. \u00a0in modo lecito, corretto e trasparente ed in maniera da garantire un\u2019adeguata sicurezza degli stessi per le seguenti finalit\u00e0:<\/p><ul><li>Tutela del patrimonio aziendale da parte di FILENI ALIMENTARE S.P.A., includente la gestione e la manutenzione del sito; la base giuridica \u00e8 la necessit\u00e0 di perseguire il legittimo interesse (tutela del patrimonio aziendale) della FILENI ALIMENTARE S.p.A., ai sensi dell\u2019art. 6, p. 1, l. f) del reg. (U.E.).<\/li><\/ul><ul><li>Risposta via e-mail a richieste specifiche di assistenza tramite invio di messaggio mail all\u2019indirizzo <a title=\"mailto:personale@fileni.it\" href=\"mailto:personale@fileni.it\" target=\"_blank\" rel=\"noopener\" data-ogsc=\"\">personale@fileni.it<\/a>. La base giuridica \u00e8 l\u2019art. 6, par. 1, lett. b) del Regolamento UE 679\/2016 ([\u2026]il trattamento \u00e8 necessario all&#8217;esecuzione di un contratto di cui l&#8217;interessato \u00e8 parte o all&#8217;esecuzione di misure precontrattuali adottate su richiesta dello stesso), in quanto i trattamenti sono necessari all&#8217;erogazione dei servizi di assistenza clienti.<\/li><\/ul><ul><li>Iscrizione alla newsletter attraverso la compilazione dello specifico form: La base giuridica \u00e8 il consenso prestato dall\u2019Interessato per specifiche finalit\u00e0, ai sensi dell\u2019art. 6, p. 1, l. a) del reg. (U.E.);<\/li><\/ul><ul><li>Comunicazione degli indirizzi mail degli utenti registrati sul sito <a href=\"http:\/\/www.fileni.it\/de\/\">fileni.it<\/a> a soggetti commerciali esterni al titolare, per verifica sul gradimento di servizi e prodotti offerti da Fileni Alimentare Sp.A.. La base giuridica \u00e8 il consenso prestato dall\u2019Interessato per specifiche finalit\u00e0, ai sensi dell\u2019art. 6, p. 1, l. a) del reg. (U.E.).<\/li><\/ul><ul><li>Attivit\u00e0 di profilazione generale, senza ricaduta personalizzata, attraverso lo svolgimento di analisi generali (anche di tipo predittivo o di orientamento strategico) volte alla creazione di elaborazioni statistiche e modelli di calcolo in relazione all\u2019intera base utenti; tale finalit\u00e0 implica il trattamento di dati personali su base aggregata, in forma pseudonimizzata e anonima. La base giuridica \u00e8 l\u2019interesse legittimo del Titolare ai sensi dell\u2019art. 6.1. lett. f) del Regolamento UE 679\/2016.<\/li><\/ul><ul><li>Registrazione al sito e creazione di account personale per la ricezione di buoni sconto; la base giuridica \u00e8 l\u2019 art. 6, par. 1, lett. b) del Regolamento UE 679\/2016 ([\u2026]il trattamento \u00e8 necessario all&#8217;esecuzione di un contratto di cui l&#8217;interessato \u00e8 parte o all&#8217;esecuzione di misure precontrattuali adottate su richiesta dello stesso), in quanto i trattamenti sono necessari alla erogazione dei buoni sconto.<\/li><\/ul><ul><li>Adempimento eventuali obblighi previsti dalle leggi vigenti, da regolamenti o dalla normativa comunitaria, soddisfare richieste provenienti dalle autorit\u00e0, adempiere ad obblighi fiscali ed amministrativi. La base giuridica \u00e8 l\u2019art. 6, par. 1, lett. c) del Regolamento ([\u2026]il trattamento \u00e8 necessario per adempiere un obbligo legale al quale \u00e8 soggetto il titolare del trattamento). Una volta conferiti i dati personali, infatti, il trattamento \u00e8 invero necessario per adempiere ad obblighi di legge a cui il Titolare \u00e8 soggetto.<\/li><\/ul><ul><li>soddisfare eventuali esigenze difensive. La base giuridica \u00e8 l\u2019interesse legittimo del Titolare ai sensi dell\u2019art. 6.1. lett. f) del Regolamento UE 679\/2016.<\/li><\/ul><p><strong style=\"background-color: transparent; font-family: var( --e-global-typography-text-font-family ), Sans-serif;\">TEMPI DI CONSERVAZIONE<\/strong><\/p><p>FILENI ALIMENTARE S.P.A. conserver\u00e0 i dati personali, tramite il database in una forma che consenta l\u2019identificazione degli interessati, per il tempo strettamente necessario a raggiungere le finalit\u00e0 sopra indicate, ovverossia un periodo non superiore a 2 anni per poi provvedere alla loro distruzione o cancellazione. In caso di trattamenti eseguiti sulla base del consenso prestato dall\u2019Interessato, i dati saranno conservati solo fino alla revoca del consenso per poi essere cancellati o anonimizzati.<\/p><p><strong>DESTINATARI DEI DATI<\/strong><\/p><p>Per quanto concerne i trattamenti dei dati personali svolti da FILENI ALIMENTARE S.P.A. \u00a0per le finalit\u00e0 sopra elencate, i destinatari dei dati personali potranno essere:<\/p><ul><li>dipendenti, collaboratori e\/o soci della FILENI ALIMENTARE S.p.A., in qualit\u00e0 di incaricati al trattamento dei dati personali, al fine di gestire le sue richieste, in quanto necessario all\u2019espletamento dei servizi richiesti a FILENI ALIMENTARE S.P.A.: si precisa che tali soggetti sono debitamente nominati e formati circa le misure adeguate da adottare in materia di protezione dei dati personali;<\/li><li>dipendenti, collaboratori e soci della FILENI ALIMENTARE S.P.A., in qualit\u00e0 di incaricati al trattamento dei dati personali, al fine di gestire la registrazione al sito, la creazione di account personali, richieste di iscrizione alla newsletter; si precisa che tutti tali soggetti sono debitamente nominati e formati circa le misure adeguate da adottare in materia di protezione dei dati personali;<\/li><li>soggetti esterni alla nostra struttura organizzativa, in qualit\u00e0 di responsabili del trattamento dei dati personali, al fine di coordinare le attivit\u00e0 inerenti alla gestione del sito da FILENI ALIMENTARE S.P.A. o valutare il grado di soddisfazione degli utenti; si precisa che tutti tali soggetti sono stati nominati da FILENI ALIMENTARE S.P.A quali Responsabili esterni del trattamento ex art. 28 Reg. UE 679\/2016 e sono, quindi, vincolati a FILENI ALIMENTARE S.P.A. da un apposito contratto prevedente misure adeguate da adottare per garantire la protezione dei dati personali a loro affidati;<\/li><li>soggetti esterni alla nostra struttura organizzativa, quali &#8211; a titolo esemplificativo &#8211; tecnici del sito web, in qualit\u00e0 di responsabili o sub responsabili del trattamento dei dati personali, al fine di gestire il sito web di FILENI ALIMENTARE S.P.A., comprendendo la manutenzione ordinaria e straordinaria dello stesso: si precisa che tali soggetti sono vincolati a FILENI ALIMENTARE S.P.A., da un apposito contratto prevedente misure adeguate da adottare per garantire la protezione dei dati personali a loro affidati.<\/li><\/ul><p><strong>Diritti degli interessati<\/strong><\/p><p>Gli interessati hanno il diritto di ottenere da FILENI ALIMENTARE S.P.A., nei casi previsti, l&#8217;accesso ai propri dati personali e la rettifica o la cancellazione degli stessi o la limitazione del trattamento che li riguarda o di opporsi al trattamento (artt. 15 e ss. del Regolamento). L\u2019interessato potr\u00e0 avvalersi dei suoi diritti rivolgendo specifica richiesta al FILENI ALIMENTARE S.p.A. all\u2019indirizzo dpo@fileni.it<\/p><p><strong>Diritto di reclamo<\/strong><\/p><p>Gli interessati che ritengono che il trattamento dei dati personali a loro riferiti effettuato attraverso questo sito avvenga in violazione di quanto previsto dal Regolamento hanno il diritto di proporre reclamo al Garante, come previsto dall&#8217;art. 77 del Regolamento stesso, o di adire le opportune sedi giudiziarie (art. 79 del Regolamento).<\/p><p><strong>Natura della comunicazione dei Suoi dati personali<\/strong>:<\/p><p>La comunicazione a FILENI ALIMENTARE S.P.A. dei Suoi dati personali \u00e8 facoltativa. L&#8217;eventuale mancato conferimento comporter\u00e0 l&#8217;impossibilit\u00e0 di iscriversi alla newsletter, ricevere i buoni sconto ed avere riscontro alle richieste di contatto e richieste informazioni.<\/p>\t\t\t\t\t\t\t\t<\/div>\n\t\t\t\t\t<\/div>\n\t\t<\/div>\n\t\t\t\t\t<\/div>\n\t\t<\/section>\n\t\t\t\t<\/div>","protected":false},"excerpt":{"rendered":"<p>PRIVACY POLICY In questa pagina si descrivono le modalit\u00e0 di trattamento dei dati personali degli utenti che consultano il sito web della FILENI ALIMENTARE S.P.A. L\u2019informativa \u00e8 resa ai sensi degli artt. 13 e 14 del Reg. Ue \u2013 Regolamento Europeo in materia di protezione dei dati personali a coloro che interagiscono con i servizi [&hellip;]<\/p>","protected":false},"author":2,"featured_media":0,"parent":0,"menu_order":0,"comment_status":"closed","ping_status":"closed","template":"elementor_header_footer","meta":{"_acf_changed":false,"footnotes":""},"class_list":["post-5354","page","type-page","status-publish","hentry"],"acf":[],"yoast_head":"<!-- This site is optimized with the Yoast SEO plugin v26.8 - https:\/\/yoast.com\/product\/yoast-seo-wordpress\/ -->\n<title>Privacy Policy - Pollo e piatti pronti Fileni: gastronomia e carni italiane<\/title>\n<meta name=\"robots\" content=\"noindex, nofollow\" \/>\n<meta property=\"og:locale\" content=\"de_DE\" \/>\n<meta property=\"og:type\" content=\"article\" \/>\n<meta property=\"og:title\" content=\"Privacy Policy - Pollo e piatti pronti Fileni: gastronomia e carni italiane\" \/>\n<meta property=\"og:description\" content=\"PRIVACY POLICY In questa pagina si descrivono le modalit\u00e0 di trattamento dei dati personali degli utenti che consultano il sito web della FILENI ALIMENTARE S.P.A. L\u2019informativa \u00e8 resa ai sensi degli artt. 13 e 14 del Reg. Ue \u2013 Regolamento Europeo in materia di protezione dei dati personali a coloro che interagiscono con i servizi [&hellip;]\" \/>\n<meta property=\"og:url\" content=\"https:\/\/www.fileni.it\/de\/privacy-policy\/\" \/>\n<meta property=\"og:site_name\" content=\"Pollo e piatti pronti Fileni: gastronomia e carni italiane\" \/>\n<meta property=\"article:modified_time\" content=\"2025-05-09T14:02:41+00:00\" \/>\n<meta name=\"twitter:card\" content=\"summary_large_image\" \/>\n<meta name=\"twitter:label1\" content=\"Est. reading time\" \/>\n\t<meta name=\"twitter:data1\" content=\"9\u00a0Minuten\" \/>\n<!-- \/ Yoast SEO plugin. -->","yoast_head_json":{"title":"Privacy Policy - Pollo e piatti pronti Fileni: gastronomia e carni italiane","robots":{"index":"noindex","follow":"nofollow"},"og_locale":"de_DE","og_type":"article","og_title":"Privacy Policy - Pollo e piatti pronti Fileni: gastronomia e carni italiane","og_description":"PRIVACY POLICY In questa pagina si descrivono le modalit\u00e0 di trattamento dei dati personali degli utenti che consultano il sito web della FILENI ALIMENTARE S.P.A. L\u2019informativa \u00e8 resa ai sensi degli artt. 13 e 14 del Reg. Ue \u2013 Regolamento Europeo in materia di protezione dei dati personali a coloro che interagiscono con i servizi [&hellip;]","og_url":"https:\/\/www.fileni.it\/de\/privacy-policy\/","og_site_name":"Pollo e piatti pronti Fileni: gastronomia e carni italiane","article_modified_time":"2025-05-09T14:02:41+00:00","twitter_card":"summary_large_image","twitter_misc":{"Est. reading time":"9\u00a0Minuten"},"schema":{"@context":"https:\/\/schema.org","@graph":[{"@type":"WebPage","@id":"https:\/\/www.fileni.it\/privacy-policy\/","url":"https:\/\/www.fileni.it\/privacy-policy\/","name":"Privacy Policy - Pollo e piatti pronti Fileni: gastronomia e carni italiane","isPartOf":{"@id":"https:\/\/www.fileni.it\/#website"},"datePublished":"2016-04-07T16:04:16+00:00","dateModified":"2025-05-09T14:02:41+00:00","breadcrumb":{"@id":"https:\/\/www.fileni.it\/privacy-policy\/#breadcrumb"},"inLanguage":"de","potentialAction":[{"@type":"ReadAction","target":["https:\/\/www.fileni.it\/privacy-policy\/"]}]},{"@type":"BreadcrumbList","@id":"https:\/\/www.fileni.it\/privacy-policy\/#breadcrumb","itemListElement":[{"@type":"ListItem","position":1,"name":"Home","item":"https:\/\/www.fileni.it\/de\/prodotto\/"},{"@type":"ListItem","position":2,"name":"Privacy Policy"}]},{"@type":"WebSite","@id":"https:\/\/www.fileni.it\/#website","url":"https:\/\/www.fileni.it\/","name":"Pollo e piatti pronti Fileni: gastronomia e carni italiane","description":"","potentialAction":[{"@type":"SearchAction","target":{"@type":"EntryPoint","urlTemplate":"https:\/\/www.fileni.it\/?s={search_term_string}"},"query-input":{"@type":"PropertyValueSpecification","valueRequired":true,"valueName":"search_term_string"}}],"inLanguage":"de"}]}},"_links":{"self":[{"href":"https:\/\/www.fileni.it\/de\/wp-json\/wp\/v2\/pages\/5354","targetHints":{"allow":["GET"]}}],"collection":[{"href":"https:\/\/www.fileni.it\/de\/wp-json\/wp\/v2\/pages"}],"about":[{"href":"https:\/\/www.fileni.it\/de\/wp-json\/wp\/v2\/types\/page"}],"author":[{"embeddable":true,"href":"https:\/\/www.fileni.it\/de\/wp-json\/wp\/v2\/users\/2"}],"replies":[{"embeddable":true,"href":"https:\/\/www.fileni.it\/de\/wp-json\/wp\/v2\/comments?post=5354"}],"version-history":[{"count":0,"href":"https:\/\/www.fileni.it\/de\/wp-json\/wp\/v2\/pages\/5354\/revisions"}],"wp:attachment":[{"href":"https:\/\/www.fileni.it\/de\/wp-json\/wp\/v2\/media?parent=5354"}],"curies":[{"name":"wp","href":"https:\/\/api.w.org\/{rel}","templated":true}]}}