{"id":31093,"date":"2024-06-06T17:24:35","date_gmt":"2024-06-06T15:24:35","guid":{"rendered":"https:\/\/www.fileni.it\/?page_id=31093"},"modified":"2025-05-09T15:58:10","modified_gmt":"2025-05-09T13:58:10","slug":"valuta-questo-sito","status":"publish","type":"page","link":"https:\/\/www.fileni.it\/de\/valuta-questo-sito\/","title":{"rendered":"Valuta questo sito"},"content":{"rendered":"<div data-elementor-type=\"wp-page\" data-elementor-id=\"31093\" class=\"elementor elementor-31093\" data-elementor-post-type=\"page\">\n\t\t\t\t\t\t<section class=\"elementor-section elementor-top-section elementor-element elementor-element-c2669dd elementor-section-boxed elementor-section-height-default elementor-section-height-default\" data-id=\"c2669dd\" data-element_type=\"section\" data-settings=\"{&quot;jet_parallax_layout_list&quot;:[],&quot;background_background&quot;:&quot;classic&quot;}\">\n\t\t\t\t\t\t<div class=\"elementor-container elementor-column-gap-default\">\n\t\t\t\t\t<div class=\"elementor-column elementor-col-100 elementor-top-column elementor-element elementor-element-2aeea63\" data-id=\"2aeea63\" data-element_type=\"column\">\n\t\t\t<div class=\"elementor-widget-wrap elementor-element-populated\">\n\t\t\t\t\t\t<div class=\"elementor-element elementor-element-aa85180 elementor-view-default elementor-widget elementor-widget-icon\" data-id=\"aa85180\" data-element_type=\"widget\" data-widget_type=\"icon.default\">\n\t\t\t\t\t\t\t<div class=\"elementor-icon-wrapper\">\n\t\t\t<div class=\"elementor-icon\">\n\t\t\t<svg xmlns=\"http:\/\/www.w3.org\/2000\/svg\" width=\"129\" height=\"122\" viewbox=\"0 0 129 122\" fill=\"none\"><path d=\"M61.1306 121.981C27.5168 121.981 0.149902 94.614 0.149902 61.0002C0.149902 27.3865 27.5168 0.0195312 61.1306 0.0195312C94.7443 0.0195312 122.111 27.3865 122.111 61.0002C122.111 94.614 94.7443 121.981 61.1306 121.981Z\" fill=\"#F1B434\"><\/path><path d=\"M69.52 30.2915C72.8547 25.6678 71.8098 19.2163 67.1861 15.8816C62.5625 12.5469 56.111 13.5919 52.7763 18.2155C49.4416 22.8392 50.4865 29.2907 55.1102 32.6254C59.7338 35.9601 66.1853 34.9152 69.52 30.2915Z\" fill=\"#00843D\"><\/path><path d=\"M98.2249 38.1847C97.7787 35.686 95.399 34.0499 92.9003 34.4961L70.858 38.5119C64.4624 39.6721 57.8289 39.6721 51.4334 38.5119L29.3911 34.4961C26.8924 34.0499 24.5424 35.686 24.0665 38.1847C23.6203 40.6834 25.2563 43.0632 27.755 43.5094L49.6783 47.4954C49.8271 47.4954 49.9163 47.6442 49.9163 47.7929V68.4668C49.9163 69.0618 49.8271 69.627 49.6486 70.1921L39.1778 102.14C38.4043 104.55 39.7132 107.138 42.0929 107.911C44.5024 108.684 47.0606 107.375 47.8638 104.996L56.5796 78.432L58.3346 73.0776C58.7213 71.858 59.8517 71.0548 61.1308 71.0548C62.4099 71.0548 63.5403 71.858 63.927 73.0776L65.682 78.432L74.3978 104.996C75.0225 106.929 76.8073 108.149 78.7408 108.149C80.6744 108.149 79.6927 108.089 80.1687 107.911C82.5782 107.138 83.887 104.55 83.0839 102.14L72.613 70.2219C72.4345 69.6567 72.3453 69.0915 72.3453 68.4966V47.8226C72.3453 47.6739 72.4643 47.5549 72.5833 47.5252L94.5066 43.5391C97.0053 43.0929 98.6414 40.7132 98.1952 38.2145L98.2249 38.1847Z\" fill=\"#00843D\"><\/path><path d=\"M108.13 68.0498C97.0646 68.0498 88.1108 77.0036 88.1108 88.0693C88.1108 99.1351 97.0646 108.089 108.13 108.089C119.196 108.089 128.15 99.1351 128.15 88.0693C128.15 77.0036 119.196 68.0498 108.13 68.0498Z\" fill=\"#00843D\"><\/path><path d=\"M119.078 84.3215L104.531 98.8676L97.2436 91.5797C96.2619 90.598 96.2619 89.0215 97.2436 88.0398C98.2252 87.0582 99.8018 87.0582 100.783 88.0398L104.531 91.7879L115.538 80.7816C116.519 79.8 118.096 79.8 119.078 80.7816C120.059 81.7633 120.059 83.3399 119.078 84.3215Z\" fill=\"white\"><\/path><\/svg>\t\t\t<\/div>\n\t\t<\/div>\n\t\t\t\t\t\t<\/div>\n\t\t\t\t<div class=\"elementor-element elementor-element-42cc138 elementor-widget elementor-widget-heading\" data-id=\"42cc138\" data-element_type=\"widget\" data-widget_type=\"heading.default\">\n\t\t\t\t\t<h2 class=\"elementor-heading-title elementor-size-default\">Valuta questo sito<\/h2>\t\t\t\t<\/div>\n\t\t\t\t<div data-dce-text-color=\"#FFFFFF\" class=\"elementor-element elementor-element-02e4e46 elementor-widget elementor-widget-text-editor\" data-id=\"02e4e46\" data-element_type=\"widget\" data-widget_type=\"text-editor.default\">\n\t\t\t\t\t\t\t\t\t<p>Il nostro obiettivo \u00e8 soddisfare completamente le esigenze di tutti gli utenti, quindi la tua opinione sull&#8217;accessibilit\u00e0 del sito \u00e8 per noi fondamentale. Ti invitiamo a condividere le tue considerazioni compilando il form qui sotto. Grazie per la tua collaborazione!<\/p>\t\t\t\t\t\t\t\t<\/div>\n\t\t\t\t<div class=\"elementor-element elementor-element-e09d2ea elementor-button-align-start elementor-widget elementor-widget-form\" data-id=\"e09d2ea\" data-element_type=\"widget\" data-settings=\"{&quot;step_next_label&quot;:&quot;Successivo&quot;,&quot;step_previous_label&quot;:&quot;Precedente&quot;,&quot;button_width&quot;:&quot;100&quot;,&quot;dce_confirm_dialog_enabled&quot;:&quot;no&quot;,&quot;step_type&quot;:&quot;number_text&quot;,&quot;step_icon_shape&quot;:&quot;circle&quot;,&quot;label_icon_size&quot;:{&quot;unit&quot;:&quot;px&quot;,&quot;size&quot;:&quot;&quot;,&quot;sizes&quot;:[]},&quot;field_icon_size&quot;:{&quot;unit&quot;:&quot;px&quot;,&quot;size&quot;:&quot;&quot;,&quot;sizes&quot;:[]}}\" data-widget_type=\"form.default\">\n\t\t\t\t\t\t\t<form class=\"elementor-form\" method=\"post\" name=\"Nuovo modulo\" aria-label=\"Nuovo modulo\" action=\"\">\n\t\t\t<input type=\"hidden\" name=\"post_id\" value=\"31093\"\/>\n\t\t\t<input type=\"hidden\" name=\"form_id\" value=\"e09d2ea\"\/>\n\t\t\t<input type=\"hidden\" name=\"referer_title\" value=\"Pollo e piatti pronti Fileni: gastronomia e carni italiane\" \/>\n\n\t\t\t\n\t\t\t<div class=\"elementor-form-fields-wrapper elementor-labels-above\">\n\t\t\t\t\t\t\t\t<div class=\"elementor-field-type-select elementor-field-group elementor-column elementor-field-group-name elementor-col-50 elementor-field-required\">\n\t\t\t\t\t\t\t\t\t\t\t\t<label for=\"form-field-name\" class=\"elementor-field-label\">\n\t\t\t\t\t\t\t\tSemplicit\u00e0 di navigazione\t\t\t\t\t\t\t<\/label>\n\t\t\t\t\t\t\t\t<div class=\"elementor-field elementor-select-wrapper remove-before\">\n\t\t\t<div class=\"select-caret-down-wrapper\">\n\t\t\t\t<svg aria-hidden=\"true\" class=\"e-font-icon-svg e-eicon-caret-down\" viewbox=\"0 0 571.4 571.4\" xmlns=\"http:\/\/www.w3.org\/2000\/svg\"><path d=\"M571 393Q571 407 561 418L311 668Q300 679 286 679T261 668L11 418Q0 407 0 393T11 368 36 357H536Q550 357 561 368T571 393Z\"><\/path><\/svg>\t\t\t<\/div>\n\t\t\t<select name=\"form_fields[name]\" id=\"form-field-name\" class=\"elementor-field-textual elementor-size-sm\" required=\"required\">\n\t\t\t\t\t\t\t\t\t<option value=\"1\">1<\/option>\n\t\t\t\t\t\t\t\t\t<option value=\"2\">2<\/option>\n\t\t\t\t\t\t\t\t\t<option value=\"3\">3<\/option>\n\t\t\t\t\t\t\t\t\t<option value=\"4\">4<\/option>\n\t\t\t\t\t\t\t\t\t<option value=\"5\">5<\/option>\n\t\t\t\t\t\t\t\t\t<option value=\"6\">6<\/option>\n\t\t\t\t\t\t\t\t\t<option value=\"7\">7<\/option>\n\t\t\t\t\t\t\t\t\t<option value=\"8\">8<\/option>\n\t\t\t\t\t\t\t\t\t<option value=\"9\">9<\/option>\n\t\t\t\t\t\t\t\t\t<option value=\"10\">10<\/option>\n\t\t\t\t\t\t\t<\/select>\n\t\t<\/div>\n\t\t\t\t\t\t<\/div>\n\t\t\t\t\t\t\t\t<div class=\"elementor-field-type-select elementor-field-group elementor-column elementor-field-group-field_4798eb6 elementor-col-50 elementor-field-required\">\n\t\t\t\t\t\t\t\t\t\t\t\t<label for=\"form-field-field_4798eb6\" class=\"elementor-field-label\">\n\t\t\t\t\t\t\t\tChiarezza di contenuti\t\t\t\t\t\t\t<\/label>\n\t\t\t\t\t\t\t\t<div class=\"elementor-field elementor-select-wrapper remove-before\">\n\t\t\t<div class=\"select-caret-down-wrapper\">\n\t\t\t\t<svg aria-hidden=\"true\" class=\"e-font-icon-svg e-eicon-caret-down\" viewbox=\"0 0 571.4 571.4\" xmlns=\"http:\/\/www.w3.org\/2000\/svg\"><path d=\"M571 393Q571 407 561 418L311 668Q300 679 286 679T261 668L11 418Q0 407 0 393T11 368 36 357H536Q550 357 561 368T571 393Z\"><\/path><\/svg>\t\t\t<\/div>\n\t\t\t<select name=\"form_fields[field_4798eb6]\" id=\"form-field-field_4798eb6\" class=\"elementor-field-textual elementor-size-sm\" required=\"required\">\n\t\t\t\t\t\t\t\t\t<option value=\"1\">1<\/option>\n\t\t\t\t\t\t\t\t\t<option value=\"2\">2<\/option>\n\t\t\t\t\t\t\t\t\t<option value=\"3\">3<\/option>\n\t\t\t\t\t\t\t\t\t<option value=\"4\">4<\/option>\n\t\t\t\t\t\t\t\t\t<option value=\"5\">5<\/option>\n\t\t\t\t\t\t\t\t\t<option value=\"6\">6<\/option>\n\t\t\t\t\t\t\t\t\t<option value=\"7\">7<\/option>\n\t\t\t\t\t\t\t\t\t<option value=\"8\">8<\/option>\n\t\t\t\t\t\t\t\t\t<option value=\"9\">9<\/option>\n\t\t\t\t\t\t\t\t\t<option value=\"10\">10<\/option>\n\t\t\t\t\t\t\t<\/select>\n\t\t<\/div>\n\t\t\t\t\t\t<\/div>\n\t\t\t\t\t\t\t\t<div class=\"elementor-field-type-email elementor-field-group elementor-column elementor-field-group-field_befce14 elementor-col-100 elementor-field-required\">\n\t\t\t\t\t\t\t\t\t\t\t\t<label for=\"form-field-field_befce14\" class=\"elementor-field-label\">\n\t\t\t\t\t\t\t\tLa tua e-mail\t\t\t\t\t\t\t<\/label>\n\t\t\t\t\t\t\t\t\t\t\t\t\t\t<input size=\"1\" type=\"email\" name=\"form_fields[field_befce14]\" id=\"form-field-field_befce14\" class=\"elementor-field elementor-size-sm  elementor-field-textual\" placeholder=\"rossi@...\" required=\"required\">\n\t\t\t\t\t\t\t\t\t\t\t<\/div>\n\t\t\t\t\t\t\t\t<div class=\"elementor-field-type-textarea elementor-field-group elementor-column elementor-field-group-field_454feed elementor-col-100 elementor-field-required\">\n\t\t\t\t\t\t\t\t\t\t\t\t<label for=\"form-field-field_454feed\" class=\"elementor-field-label\">\n\t\t\t\t\t\t\t\tEventuali segnalazioni\t\t\t\t\t\t\t<\/label>\n\t\t\t\t\t\t<textarea class=\"elementor-field-textual elementor-field  elementor-size-sm\" name=\"form_fields[field_454feed]\" id=\"form-field-field_454feed\" rows=\"4\" placeholder=\"Ihre Nachricht...\" required=\"required\"><\/textarea>\t\t\t\t<\/div>\n\t\t\t\t\t\t\t\t<div class=\"elementor-field-type-acceptance elementor-field-group elementor-column elementor-field-group-field_5ff8a89 elementor-col-100 elementor-field-required\">\n\t\t\t\t\t\t\t\t\t\t\t\t<label for=\"form-field-field_5ff8a89\" class=\"elementor-field-label\">\n\t\t\t\t\t\t\t\tTrattamento dei dati\t\t\t\t\t\t\t<\/label>\n\t\t\t\t\t\t\t\t<div class=\"elementor-field-subgroup\">\n\t\t\t<span class=\"elementor-field-option\">\n\t\t\t\t<input type=\"checkbox\" name=\"form_fields[field_5ff8a89]\" id=\"form-field-field_5ff8a89\" class=\"elementor-field elementor-size-sm  elementor-acceptance-field\" required=\"required\">\n\t\t\t\t<label for=\"form-field-field_5ff8a89\">Acconsento al trattamento dei miei dati e dichiaro di aver preso visione della <a href=\"\/de\/privacy-policy\/\">privacy policy<\/a>.<\/label>\t\t\t<\/span>\n\t\t<\/div>\n\t\t\t\t\t\t<\/div>\n\t\t\t\t\t\t\t\t<div class=\"elementor-field-group elementor-column elementor-field-type-submit elementor-col-100 e-form__buttons\">\n\t\t\t\t\t<button class=\"elementor-button elementor-size-sm\" type=\"submit\">\n\t\t\t\t\t\t<span class=\"elementor-button-content-wrapper\">\n\t\t\t\t\t\t\t\t\t\t\t\t\t\t\t\t\t\t\t\t\t\t<span class=\"elementor-button-text\">Invia segnalazione<\/span>\n\t\t\t\t\t\t\t\t\t\t\t\t\t<\/span>\n\t\t\t\t\t<\/button>\n\t\t\t\t<\/div>\n\t\t\t<\/div>\n\t\t<input type=\"hidden\" name=\"trp-form-language\" value=\"de\"\/><\/form>\n\t\t\t\t\t\t<\/div>\n\t\t\t\t\t<\/div>\n\t\t<\/div>\n\t\t\t\t\t<\/div>\n\t\t<\/section>\n\t\t\t\t<\/div>","protected":false},"excerpt":{"rendered":"<p>Valuta questo sito Il nostro obiettivo \u00e8 soddisfare completamente le esigenze di tutti gli utenti, quindi la tua opinione sull&#8217;accessibilit\u00e0 del sito \u00e8 per noi fondamentale. Ti invitiamo a condividere le tue considerazioni compilando il form qui sotto. Grazie per la tua collaborazione!<\/p>","protected":false},"author":12,"featured_media":0,"parent":0,"menu_order":0,"comment_status":"closed","ping_status":"closed","template":"elementor_header_footer","meta":{"_acf_changed":false,"footnotes":""},"class_list":["post-31093","page","type-page","status-publish","hentry"],"acf":[],"yoast_head":"<!-- This site is optimized with the Yoast SEO plugin v26.8 - https:\/\/yoast.com\/product\/yoast-seo-wordpress\/ -->\n<title>Valuta questo sito - Pollo e piatti pronti Fileni: gastronomia e carni italiane<\/title>\n<meta name=\"robots\" content=\"noindex, nofollow\" \/>\n<meta property=\"og:locale\" content=\"de_DE\" \/>\n<meta property=\"og:type\" content=\"article\" \/>\n<meta property=\"og:title\" content=\"Valuta questo sito - Pollo e piatti pronti Fileni: gastronomia e carni italiane\" \/>\n<meta property=\"og:description\" content=\"Valuta questo sito Il nostro obiettivo \u00e8 soddisfare completamente le esigenze di tutti gli utenti, quindi la tua opinione sull&#8217;accessibilit\u00e0 del sito \u00e8 per noi fondamentale. Ti invitiamo a condividere le tue considerazioni compilando il form qui sotto. Grazie per la tua collaborazione!\" \/>\n<meta property=\"og:url\" content=\"https:\/\/www.fileni.it\/de\/privacy-policy\/\" \/>\n<meta property=\"og:site_name\" content=\"Pollo e piatti pronti Fileni: gastronomia e carni italiane\" \/>\n<meta property=\"article:modified_time\" content=\"2025-05-09T13:58:10+00:00\" \/>\n<meta name=\"twitter:card\" content=\"summary_large_image\" \/>\n<meta name=\"twitter:label1\" content=\"Est. reading time\" \/>\n\t<meta name=\"twitter:data1\" content=\"1\u00a0Minute\" \/>\n<!-- \/ Yoast SEO plugin. -->","yoast_head_json":{"title":"Valuta questo sito - Pollo e piatti pronti Fileni: gastronomia e carni italiane","robots":{"index":"noindex","follow":"nofollow"},"og_locale":"de_DE","og_type":"article","og_title":"Valuta questo sito - Pollo e piatti pronti Fileni: gastronomia e carni italiane","og_description":"Valuta questo sito Il nostro obiettivo \u00e8 soddisfare completamente le esigenze di tutti gli utenti, quindi la tua opinione sull&#8217;accessibilit\u00e0 del sito \u00e8 per noi fondamentale. Ti invitiamo a condividere le tue considerazioni compilando il form qui sotto. Grazie per la tua collaborazione!","og_url":"https:\/\/www.fileni.it\/de\/privacy-policy\/","og_site_name":"Pollo e piatti pronti Fileni: gastronomia e carni italiane","article_modified_time":"2025-05-09T13:58:10+00:00","twitter_card":"summary_large_image","twitter_misc":{"Est. reading time":"1\u00a0Minute"},"schema":{"@context":"https:\/\/schema.org","@graph":[{"@type":"WebPage","@id":"https:\/\/www.fileni.it\/valuta-questo-sito\/","url":"https:\/\/www.fileni.it\/privacy-policy\/","name":"Valuta questo sito - Pollo e piatti pronti Fileni: gastronomia e carni italiane","isPartOf":{"@id":"https:\/\/www.fileni.it\/#website"},"datePublished":"2024-06-06T15:24:35+00:00","dateModified":"2025-05-09T13:58:10+00:00","breadcrumb":{"@id":"https:\/\/www.fileni.it\/privacy-policy\/#breadcrumb"},"inLanguage":"de","potentialAction":[{"@type":"ReadAction","target":["https:\/\/www.fileni.it\/privacy-policy\/"]}]},{"@type":"BreadcrumbList","@id":"https:\/\/www.fileni.it\/privacy-policy\/#breadcrumb","itemListElement":[{"@type":"ListItem","position":1,"name":"Home","item":"https:\/\/www.fileni.it\/"},{"@type":"ListItem","position":2,"name":"Valuta questo sito"}]},{"@type":"WebSite","@id":"https:\/\/www.fileni.it\/#website","url":"https:\/\/www.fileni.it\/","name":"Pollo e piatti pronti Fileni: gastronomia e carni italiane","description":"","potentialAction":[{"@type":"SearchAction","target":{"@type":"EntryPoint","urlTemplate":"https:\/\/www.fileni.it\/?s={search_term_string}"},"query-input":{"@type":"PropertyValueSpecification","valueRequired":true,"valueName":"search_term_string"}}],"inLanguage":"de"}]}},"_links":{"self":[{"href":"https:\/\/www.fileni.it\/de\/wp-json\/wp\/v2\/pages\/31093","targetHints":{"allow":["GET"]}}],"collection":[{"href":"https:\/\/www.fileni.it\/de\/wp-json\/wp\/v2\/pages"}],"about":[{"href":"https:\/\/www.fileni.it\/de\/wp-json\/wp\/v2\/types\/page"}],"author":[{"embeddable":true,"href":"https:\/\/www.fileni.it\/de\/wp-json\/wp\/v2\/users\/12"}],"replies":[{"embeddable":true,"href":"https:\/\/www.fileni.it\/de\/wp-json\/wp\/v2\/comments?post=31093"}],"version-history":[{"count":0,"href":"https:\/\/www.fileni.it\/de\/wp-json\/wp\/v2\/pages\/31093\/revisions"}],"wp:attachment":[{"href":"https:\/\/www.fileni.it\/de\/wp-json\/wp\/v2\/media?parent=31093"}],"curies":[{"name":"wp","href":"https:\/\/api.w.org\/{rel}","templated":true}]}}