{"id":31092,"date":"2024-06-06T17:09:54","date_gmt":"2024-06-06T15:09:54","guid":{"rendered":"https:\/\/www.fileni.it\/?page_id=31092"},"modified":"2025-07-24T13:06:22","modified_gmt":"2025-07-24T11:06:22","slug":"dichiarazione-di-accessibilita","status":"publish","type":"page","link":"https:\/\/www.fileni.it\/de\/dichiarazione-di-accessibilita\/","title":{"rendered":"Dichiarazione di accessibilit\u00e0"},"content":{"rendered":"<div data-elementor-type=\"wp-page\" data-elementor-id=\"31092\" class=\"elementor elementor-31092\" data-elementor-post-type=\"page\">\n\t\t\t\t\t\t<section class=\"elementor-section elementor-top-section elementor-element elementor-element-c2669dd elementor-section-boxed elementor-section-height-default elementor-section-height-default\" data-id=\"c2669dd\" data-element_type=\"section\" data-settings=\"{&quot;jet_parallax_layout_list&quot;:[],&quot;background_background&quot;:&quot;classic&quot;}\">\n\t\t\t\t\t\t<div class=\"elementor-container elementor-column-gap-default\">\n\t\t\t\t\t<div class=\"elementor-column elementor-col-100 elementor-top-column elementor-element elementor-element-2aeea63\" data-id=\"2aeea63\" data-element_type=\"column\">\n\t\t\t<div class=\"elementor-widget-wrap elementor-element-populated\">\n\t\t\t\t\t\t<div class=\"elementor-element elementor-element-42cc138 elementor-widget elementor-widget-heading\" data-id=\"42cc138\" data-element_type=\"widget\" data-widget_type=\"heading.default\">\n\t\t\t\t\t<h2 class=\"elementor-heading-title elementor-size-default\">Dichiarazione di accessibilit\u00e0<\/h2>\t\t\t\t<\/div>\n\t\t\t\t<div data-dce-text-color=\"#FFFFFF\" class=\"elementor-element elementor-element-02e4e46 elementor-widget elementor-widget-text-editor\" data-id=\"02e4e46\" data-element_type=\"widget\" data-widget_type=\"text-editor.default\">\n\t\t\t\t\t\t\t\t\t<p><strong>Fileni Alimentare S.p.A.<\/strong> si impegna a rendere il proprio sito web accessibile, conformemente alla legge 9 gennaio 2004, n.4. ed alla Direttiva (UE) 2019\/882, nota come European Accessibility Act (EAA).\u00a0<\/p><p>La presente dichiarazione di accessibilit\u00e0 si applica a\u00a0<a href=\"https:\/\/www.fileni.it\/de\/\"><strong>https:\/\/www.fileni.it\/<\/strong><\/a><\/p>\t\t\t\t\t\t\t\t<\/div>\n\t\t\t\t<div data-dce-title-color=\"#FFFFFF\" class=\"elementor-element elementor-element-61b8bd8 elementor-widget elementor-widget-heading\" data-id=\"61b8bd8\" data-element_type=\"widget\" data-widget_type=\"heading.default\">\n\t\t\t\t\t<h3 class=\"elementor-heading-title elementor-size-default\">Stato di conformit\u00e0<\/h3>\t\t\t\t<\/div>\n\t\t\t\t<div data-dce-text-color=\"#FFFFFF\" class=\"elementor-element elementor-element-639dc9c elementor-widget elementor-widget-text-editor\" data-id=\"639dc9c\" data-element_type=\"widget\" data-widget_type=\"text-editor.default\">\n\t\t\t\t\t\t\t\t\t<p><strong>Parzialmente conforme<\/strong><\/p><p>Questo sito web \u00e8 parzialmente conforme ai requisiti previsti dall\u2019appendice A della norma UNI CEI EN 301549 in ragione dei casi di non conformit\u00e0 e delle deroghe elencate di seguito.<\/p>\t\t\t\t\t\t\t\t<\/div>\n\t\t\t\t<div data-dce-title-color=\"#FFFFFF\" class=\"elementor-element elementor-element-6f6c00d elementor-widget elementor-widget-heading\" data-id=\"6f6c00d\" data-element_type=\"widget\" data-widget_type=\"heading.default\">\n\t\t\t\t\t<h3 class=\"elementor-heading-title elementor-size-default\">Contenuti non accessibili<\/h3>\t\t\t\t<\/div>\n\t\t\t\t<div data-dce-text-color=\"#FFFFFF\" class=\"elementor-element elementor-element-5471640 elementor-widget elementor-widget-text-editor\" data-id=\"5471640\" data-element_type=\"widget\" data-widget_type=\"text-editor.default\">\n\t\t\t\t\t\t\t\t\t<p><strong>I contenuti di seguito elencati non sono accessibili per il seguente motivo:<\/strong><\/p><p><strong>a) inosservanza della legge 9 gennaio 2004, n.4. <\/strong><\/p><p><strong>b) inosservanza della Direttiva (UE) 2019\/882, nota come European Accessibility Act (EAA).<\/strong><\/p><p>Elenco dei contenuti rilevati non ancora accessibili in via di risoluzione su alcune pagine del sito e relativi riferimenti alle WCAG 2.1:<\/p><p><strong>1.1.1 Contenuti non testuali (livello A)<\/strong> &#8211; Alcune immagini che hanno un ruolo decorativo potrebbero non essere contrassegnate come immagini decorative. Alcune immagini dei prodotti potrebbero non avere un testo alternativo sufficientemente descrittivo.<\/p><p><strong>1.3.1 Informazioni e correlazioni (Level A) <\/strong>&#8211; Alcuni elementi potrebbero non essere raggruppati con elementi semantici. Esempio: i filtri.<\/p><p><strong>1.4.3 Contrasto minimo (Level AA) <\/strong>&#8211; Alcuni testi potrebbero non superare il contrasto minimo. \u201cFriday\u201d nella home page.<\/p><p><strong>1.4.4 Ridimensionamento del testo (Level AA) <\/strong>&#8211; In rari casi, quando si ingrandisce fino al 200%, alcuni elementi si sovrappongono.<\/p><p><strong>1.4.11 Contrasto in contenuti non testuali (solo livello AA 2.1) <\/strong>&#8211; Alcuni elementi non di testo potrebbero non superare il contrasto minimo. Esempio: il focus di tastiera.<\/p><p><strong>2.1.1 Tastiera (Level A) &#8211; <\/strong>Le voci delle lingue non sono attivabili da tastiera.<\/p>\t\t\t\t\t\t\t\t<\/div>\n\t\t\t\t<div data-dce-title-color=\"#FFFFFF\" class=\"elementor-element elementor-element-2128b00 elementor-widget elementor-widget-heading\" data-id=\"2128b00\" data-element_type=\"widget\" data-widget_type=\"heading.default\">\n\t\t\t\t\t<h3 class=\"elementor-heading-title elementor-size-default\">Redazione della dichiarazione di accessibilit\u00e0<\/h3>\t\t\t\t<\/div>\n\t\t\t\t<div data-dce-text-color=\"#FFFFFF\" class=\"elementor-element elementor-element-ebad366 elementor-widget elementor-widget-text-editor\" data-id=\"ebad366\" data-element_type=\"widget\" data-widget_type=\"text-editor.default\">\n\t\t\t\t\t\t\t\t\t<p>La presente dichiarazione \u00e8 stata redatta il <strong>18 luglio 2025<\/strong>.<\/p><p>Le informazioni presenti nella dichiarazione sono state ricavate da una valutazione effettuata da terzi tramite analisi oggettive e soggettive come richiesto dalle linee guida dell\u2019Agenzia Digitale Italiana AgID.<\/p><p>La dichiarazione \u00e8 stata pubblicata il giorno 24\/07\/2025.<\/p>\t\t\t\t\t\t\t\t<\/div>\n\t\t\t\t<div data-dce-title-color=\"#FFFFFF\" class=\"elementor-element elementor-element-8255fb0 elementor-widget elementor-widget-heading\" data-id=\"8255fb0\" data-element_type=\"widget\" data-widget_type=\"heading.default\">\n\t\t\t\t\t<h3 class=\"elementor-heading-title elementor-size-default\">Modalit\u00e0 di invio delle segnalazioni e recapiti del soggetto erogatore<\/h3>\t\t\t\t<\/div>\n\t\t\t\t<div data-dce-text-color=\"#FFFFFF\" class=\"elementor-element elementor-element-4149fbf elementor-widget elementor-widget-text-editor\" data-id=\"4149fbf\" data-element_type=\"widget\" data-widget_type=\"text-editor.default\">\n\t\t\t\t\t\t\t\t\t<p>Per inviare le segnalazioni seguire le indicazioni della pagina:<\/p><ul><li><a href=\"https:\/\/www.fileni.it\/de\/valuta-questo-sito\/\">Valuta questo sito<\/a><\/li><li><a href=\"https:\/\/www.fileni.it\/de\/accoglienza-accessibilita\/\">Accoglienza accessibilit\u00e0<\/a><\/li><\/ul><p><br \/>Recapiti responsabile:<\/p><ul><li><a href=\"mailto:info@fileni.it\">info@fileni.it<\/a><\/li><\/ul>\t\t\t\t\t\t\t\t<\/div>\n\t\t\t\t<div data-dce-title-color=\"#FFFFFF\" class=\"elementor-element elementor-element-21cb920 elementor-widget elementor-widget-heading\" data-id=\"21cb920\" data-element_type=\"widget\" data-widget_type=\"heading.default\">\n\t\t\t\t\t<h3 class=\"elementor-heading-title elementor-size-default\">Modalit\u00e0 di invio delle segnalazioni all'AgID<\/h3>\t\t\t\t<\/div>\n\t\t\t\t<div data-dce-text-color=\"#FFFFFF\" class=\"elementor-element elementor-element-6b51740 elementor-widget elementor-widget-text-editor\" data-id=\"6b51740\" data-element_type=\"widget\" data-widget_type=\"text-editor.default\">\n\t\t\t\t\t\t\t\t\t<p>In caso di risposta insoddisfacente o di mancata risposta, nel termine di trenta giorni, alla notifica o alla richiesta, l\u2019interessato pu\u00f2 inoltrare una segnalazione utilizzando la modalit\u00e0 indicata nel sito istituzionale di AgID.<\/p>\t\t\t\t\t\t\t\t<\/div>\n\t\t\t\t<div data-dce-title-color=\"#FFFFFF\" class=\"elementor-element elementor-element-5c2b2ac elementor-widget elementor-widget-heading\" data-id=\"5c2b2ac\" data-element_type=\"widget\" data-widget_type=\"heading.default\">\n\t\t\t\t\t<h3 class=\"elementor-heading-title elementor-size-default\">Obiettivi di accessibilit\u00e0:<\/h3>\t\t\t\t<\/div>\n\t\t\t\t<div data-dce-text-color=\"#FFFFFF\" class=\"elementor-element elementor-element-f193c50 elementor-widget elementor-widget-text-editor\" data-id=\"f193c50\" data-element_type=\"widget\" data-widget_type=\"text-editor.default\">\n\t\t\t\t\t\t\t\t\t<p>Sono in corso analisi pi\u00f9 approfondite al fine di rimediare la maggior parte degli errori di accessibilit\u00e0 rilevati, come da monitor di accessibilit\u00e0 al seguente link: <a href=\"https:\/\/sitiaccessibili.it\/accessibility-monitor\/accessibility-monitor-sito-www-fileni-it\">https:\/\/sitiaccessibili.it\/accessibility-monitor\/accessibility-monitor-sito-www-fileni-it<\/a><\/p>\t\t\t\t\t\t\t\t<\/div>\n\t\t\t\t<div data-dce-title-color=\"#FFFFFF\" class=\"elementor-element elementor-element-970ec22 elementor-widget elementor-widget-heading\" data-id=\"970ec22\" data-element_type=\"widget\" data-widget_type=\"heading.default\">\n\t\t\t\t\t<h3 class=\"elementor-heading-title elementor-size-default\">Informazioni sul sito<\/h3>\t\t\t\t<\/div>\n\t\t\t\t<div data-dce-text-color=\"#FFFFFF\" class=\"elementor-element elementor-element-2f7e009 elementor-widget elementor-widget-text-editor\" data-id=\"2f7e009\" data-element_type=\"widget\" data-widget_type=\"text-editor.default\">\n\t\t\t\t\t\t\t\t\t<ol><li>La data di pubblicazione del sito web: <strong>19 luglio 2023<\/strong><\/li><li>Sono stati effettuati i test di usabilit\u00e0: <strong>s\u00ec<\/strong><\/li><li>CMS utilizzato per il sito web: <strong>WordPress<\/strong><\/li><\/ol>\t\t\t\t\t\t\t\t<\/div>\n\t\t\t\t\t<\/div>\n\t\t<\/div>\n\t\t\t\t\t<\/div>\n\t\t<\/section>\n\t\t\t\t<\/div>","protected":false},"excerpt":{"rendered":"<p>Dichiarazione di accessibilit\u00e0 Fileni Alimentare S.p.A. si impegna a rendere il proprio sito web accessibile, conformemente alla legge 9 gennaio 2004, n.4. ed alla Direttiva (UE) 2019\/882, nota come European Accessibility Act (EAA).\u00a0 La presente dichiarazione di accessibilit\u00e0 si applica a\u00a0https:\/\/www.fileni.it\/ Stato di conformit\u00e0 Parzialmente conforme Questo sito web \u00e8 parzialmente conforme ai requisiti previsti [&hellip;]<\/p>","protected":false},"author":12,"featured_media":0,"parent":0,"menu_order":0,"comment_status":"closed","ping_status":"closed","template":"elementor_header_footer","meta":{"_acf_changed":false,"footnotes":""},"class_list":["post-31092","page","type-page","status-publish","hentry"],"acf":[],"yoast_head":"<!-- This site is optimized with the Yoast SEO plugin v26.8 - https:\/\/yoast.com\/product\/yoast-seo-wordpress\/ -->\n<title>Dichiarazione di accessibilit\u00e0 - Pollo e piatti pronti Fileni: gastronomia e carni italiane<\/title>\n<meta name=\"robots\" content=\"noindex, nofollow\" \/>\n<meta property=\"og:locale\" content=\"de_DE\" \/>\n<meta property=\"og:type\" content=\"article\" \/>\n<meta property=\"og:title\" content=\"Dichiarazione di accessibilit\u00e0 - Pollo e piatti pronti Fileni: gastronomia e carni italiane\" \/>\n<meta property=\"og:description\" content=\"Dichiarazione di accessibilit\u00e0 Fileni Alimentare S.p.A. si impegna a rendere il proprio sito web accessibile, conformemente alla legge 9 gennaio 2004, n.4. ed alla Direttiva (UE) 2019\/882, nota come European Accessibility Act (EAA).\u00a0 La presente dichiarazione di accessibilit\u00e0 si applica a\u00a0https:\/\/www.fileni.it\/ Stato di conformit\u00e0 Parzialmente conforme Questo sito web \u00e8 parzialmente conforme ai requisiti previsti [&hellip;]\" \/>\n<meta property=\"og:url\" content=\"https:\/\/www.fileni.it\/de\/privacy-policy\/\" \/>\n<meta property=\"og:site_name\" content=\"Pollo e piatti pronti Fileni: gastronomia e carni italiane\" \/>\n<meta property=\"article:modified_time\" content=\"2025-07-24T11:06:22+00:00\" \/>\n<meta name=\"twitter:card\" content=\"summary_large_image\" \/>\n<meta name=\"twitter:label1\" content=\"Est. reading time\" \/>\n\t<meta name=\"twitter:data1\" content=\"3\u00a0Minuten\" \/>\n<!-- \/ Yoast SEO plugin. -->","yoast_head_json":{"title":"Dichiarazione di accessibilit\u00e0 - Pollo e piatti pronti Fileni: gastronomia e carni italiane","robots":{"index":"noindex","follow":"nofollow"},"og_locale":"de_DE","og_type":"article","og_title":"Dichiarazione di accessibilit\u00e0 - Pollo e piatti pronti Fileni: gastronomia e carni italiane","og_description":"Dichiarazione di accessibilit\u00e0 Fileni Alimentare S.p.A. si impegna a rendere il proprio sito web accessibile, conformemente alla legge 9 gennaio 2004, n.4. ed alla Direttiva (UE) 2019\/882, nota come European Accessibility Act (EAA).\u00a0 La presente dichiarazione di accessibilit\u00e0 si applica a\u00a0https:\/\/www.fileni.it\/ Stato di conformit\u00e0 Parzialmente conforme Questo sito web \u00e8 parzialmente conforme ai requisiti previsti [&hellip;]","og_url":"https:\/\/www.fileni.it\/de\/privacy-policy\/","og_site_name":"Pollo e piatti pronti Fileni: gastronomia e carni italiane","article_modified_time":"2025-07-24T11:06:22+00:00","twitter_card":"summary_large_image","twitter_misc":{"Est. reading time":"3\u00a0Minuten"},"schema":{"@context":"https:\/\/schema.org","@graph":[{"@type":"WebPage","@id":"https:\/\/www.fileni.it\/dichiarazione-di-accessibilita\/","url":"https:\/\/www.fileni.it\/privacy-policy\/","name":"Dichiarazione di accessibilit\u00e0 - Pollo e piatti pronti Fileni: gastronomia e carni italiane","isPartOf":{"@id":"https:\/\/www.fileni.it\/#website"},"datePublished":"2024-06-06T15:09:54+00:00","dateModified":"2025-07-24T11:06:22+00:00","breadcrumb":{"@id":"https:\/\/www.fileni.it\/privacy-policy\/#breadcrumb"},"inLanguage":"de","potentialAction":[{"@type":"ReadAction","target":["https:\/\/www.fileni.it\/privacy-policy\/"]}]},{"@type":"BreadcrumbList","@id":"https:\/\/www.fileni.it\/privacy-policy\/#breadcrumb","itemListElement":[{"@type":"ListItem","position":1,"name":"Home","item":"https:\/\/www.fileni.it\/de\/prodotto\/"},{"@type":"ListItem","position":2,"name":"Dichiarazione di accessibilit\u00e0"}]},{"@type":"WebSite","@id":"https:\/\/www.fileni.it\/#website","url":"https:\/\/www.fileni.it\/","name":"Pollo e piatti pronti Fileni: gastronomia e carni italiane","description":"","potentialAction":[{"@type":"SearchAction","target":{"@type":"EntryPoint","urlTemplate":"https:\/\/www.fileni.it\/?s={search_term_string}"},"query-input":{"@type":"PropertyValueSpecification","valueRequired":true,"valueName":"search_term_string"}}],"inLanguage":"de"}]}},"_links":{"self":[{"href":"https:\/\/www.fileni.it\/de\/wp-json\/wp\/v2\/pages\/31092","targetHints":{"allow":["GET"]}}],"collection":[{"href":"https:\/\/www.fileni.it\/de\/wp-json\/wp\/v2\/pages"}],"about":[{"href":"https:\/\/www.fileni.it\/de\/wp-json\/wp\/v2\/types\/page"}],"author":[{"embeddable":true,"href":"https:\/\/www.fileni.it\/de\/wp-json\/wp\/v2\/users\/12"}],"replies":[{"embeddable":true,"href":"https:\/\/www.fileni.it\/de\/wp-json\/wp\/v2\/comments?post=31092"}],"version-history":[{"count":0,"href":"https:\/\/www.fileni.it\/de\/wp-json\/wp\/v2\/pages\/31092\/revisions"}],"wp:attachment":[{"href":"https:\/\/www.fileni.it\/de\/wp-json\/wp\/v2\/media?parent=31092"}],"curies":[{"name":"wp","href":"https:\/\/api.w.org\/{rel}","templated":true}]}}